{"id":22738,"date":"2022-12-16T10:45:56","date_gmt":"2022-12-16T10:45:56","guid":{"rendered":"https:\/\/www.faz.la\/medservices\/?page_id=22738"},"modified":"2022-12-19T13:06:35","modified_gmt":"2022-12-19T13:06:35","slug":"merkezlerimiz","status":"publish","type":"page","link":"https:\/\/www.faz.la\/medservices\/merkezlerimiz\/","title":{"rendered":"Merkezlerimiz"},"content":{"rendered":"\t\t<div data-elementor-type=\"wp-page\" data-elementor-id=\"22738\" class=\"elementor elementor-22738\">\n\t\t\t\t\t\t<section class=\"elementor-section elementor-top-section elementor-element elementor-element-92629b2 elementor-section-boxed elementor-section-height-default elementor-section-height-default sc_fly_static\" data-id=\"92629b2\" data-element_type=\"section\" data-e-type=\"section\">\n\t\t\t\t\t\t<div class=\"elementor-container elementor-column-gap-extended\">\n\t\t\t\t\t<div class=\"elementor-column elementor-col-100 elementor-top-column elementor-element elementor-element-9d94ad6 sc_inner_width_none sc_content_align_inherit sc_layouts_column_icons_position_left sc_fly_static\" data-id=\"9d94ad6\" data-element_type=\"column\" data-e-type=\"column\">\n\t\t\t<div class=\"elementor-widget-wrap elementor-element-populated\">\n\t\t\t\t\t\t\t<\/div>\n\t\t<\/div>\n\t\t\t\t\t<\/div>\n\t\t<\/section>\n\t\t\t\t<section class=\"elementor-section elementor-top-section elementor-element elementor-element-734bfa5 sc_layouts_row sc_layouts_row_type_compact elementor-section-boxed elementor-section-height-default elementor-section-height-default sc_fly_static\" data-id=\"734bfa5\" data-element_type=\"section\" data-e-type=\"section\">\n\t\t\t\t\t\t<div class=\"elementor-container elementor-column-gap-extended\">\n\t\t\t\t\t<div class=\"elementor-column elementor-col-25 elementor-top-column elementor-element elementor-element-16f3bcf sc_inner_width_none sc_content_align_inherit sc_layouts_column_icons_position_left sc_fly_static\" data-id=\"16f3bcf\" data-element_type=\"column\" data-e-type=\"column\">\n\t\t\t<div class=\"elementor-widget-wrap elementor-element-populated\">\n\t\t\t\t\t\t<div class=\"elementor-element elementor-element-ae6ec4f sc_fly_static elementor-widget elementor-widget-image\" data-id=\"ae6ec4f\" data-element_type=\"widget\" data-e-type=\"widget\" data-widget_type=\"image.default\">\n\t\t\t\t<div class=\"elementor-widget-container\">\n\t\t\t\t\t\t\t\t\t\t\t\t<figure class=\"wp-caption\">\n\t\t\t\t\t\t\t\t\t\t<img fetchpriority=\"high\" decoding=\"async\" width=\"1024\" height=\"1024\" src=\"https:\/\/www.faz.la\/medservices\/wp-content\/uploads\/2022\/12\/obezite-merkezi.jpg\" class=\"attachment-large size-large wp-image-22743\" alt=\"\" srcset=\"https:\/\/www.faz.la\/medservices\/wp-content\/uploads\/2022\/12\/obezite-merkezi.jpg 1024w, https:\/\/www.faz.la\/medservices\/wp-content\/uploads\/2022\/12\/obezite-merkezi-300x300.jpg 300w, https:\/\/www.faz.la\/medservices\/wp-content\/uploads\/2022\/12\/obezite-merkezi-150x150.jpg 150w, https:\/\/www.faz.la\/medservices\/wp-content\/uploads\/2022\/12\/obezite-merkezi-768x768.jpg 768w, https:\/\/www.faz.la\/medservices\/wp-content\/uploads\/2022\/12\/obezite-merkezi-370x370.jpg 370w, https:\/\/www.faz.la\/medservices\/wp-content\/uploads\/2022\/12\/obezite-merkezi-120x120.jpg 120w, https:\/\/www.faz.la\/medservices\/wp-content\/uploads\/2022\/12\/obezite-merkezi-840x840.jpg 840w, https:\/\/www.faz.la\/medservices\/wp-content\/uploads\/2022\/12\/obezite-merkezi-410x410.jpg 410w, https:\/\/www.faz.la\/medservices\/wp-content\/uploads\/2022\/12\/obezite-merkezi-630x630.jpg 630w, https:\/\/www.faz.la\/medservices\/wp-content\/uploads\/2022\/12\/obezite-merkezi-600x600.jpg 600w\" sizes=\"(max-width: 1024px) 100vw, 1024px\" \/>\t\t\t\t\t\t\t\t\t\t\t<figcaption class=\"widget-image-caption wp-caption-text\"> Obezite Cerrahi Merkezi<\/figcaption>\n\t\t\t\t\t\t\t\t\t\t<\/figure>\n\t\t\t\t\t\t\t\t\t<\/div>\n\t\t\t\t<\/div>\n\t\t\t\t\t<\/div>\n\t\t<\/div>\n\t\t\t\t<div class=\"elementor-column elementor-col-25 elementor-top-column elementor-element elementor-element-11b4ca7 sc_inner_width_none sc_content_align_inherit sc_layouts_column_icons_position_left sc_fly_static\" data-id=\"11b4ca7\" data-element_type=\"column\" data-e-type=\"column\">\n\t\t\t<div class=\"elementor-widget-wrap elementor-element-populated\">\n\t\t\t\t\t\t<div class=\"elementor-element elementor-element-b93be16 sc_fly_static elementor-widget elementor-widget-image\" data-id=\"b93be16\" data-element_type=\"widget\" data-e-type=\"widget\" data-widget_type=\"image.default\">\n\t\t\t\t<div class=\"elementor-widget-container\">\n\t\t\t\t\t\t\t\t\t\t\t\t<figure class=\"wp-caption\">\n\t\t\t\t\t\t\t\t\t\t<img decoding=\"async\" width=\"1024\" height=\"1024\" src=\"https:\/\/www.faz.la\/medservices\/wp-content\/uploads\/2022\/12\/onkoloji-merkezi-1.jpg\" class=\"attachment-large size-large wp-image-22742\" alt=\"\" srcset=\"https:\/\/www.faz.la\/medservices\/wp-content\/uploads\/2022\/12\/onkoloji-merkezi-1.jpg 1024w, https:\/\/www.faz.la\/medservices\/wp-content\/uploads\/2022\/12\/onkoloji-merkezi-1-300x300.jpg 300w, https:\/\/www.faz.la\/medservices\/wp-content\/uploads\/2022\/12\/onkoloji-merkezi-1-150x150.jpg 150w, https:\/\/www.faz.la\/medservices\/wp-content\/uploads\/2022\/12\/onkoloji-merkezi-1-768x768.jpg 768w, https:\/\/www.faz.la\/medservices\/wp-content\/uploads\/2022\/12\/onkoloji-merkezi-1-370x370.jpg 370w, https:\/\/www.faz.la\/medservices\/wp-content\/uploads\/2022\/12\/onkoloji-merkezi-1-120x120.jpg 120w, https:\/\/www.faz.la\/medservices\/wp-content\/uploads\/2022\/12\/onkoloji-merkezi-1-840x840.jpg 840w, https:\/\/www.faz.la\/medservices\/wp-content\/uploads\/2022\/12\/onkoloji-merkezi-1-410x410.jpg 410w, https:\/\/www.faz.la\/medservices\/wp-content\/uploads\/2022\/12\/onkoloji-merkezi-1-630x630.jpg 630w, https:\/\/www.faz.la\/medservices\/wp-content\/uploads\/2022\/12\/onkoloji-merkezi-1-600x600.jpg 600w\" sizes=\"(max-width: 1024px) 100vw, 1024px\" \/>\t\t\t\t\t\t\t\t\t\t\t<figcaption class=\"widget-image-caption wp-caption-text\">Onkoloji Merkezi<\/figcaption>\n\t\t\t\t\t\t\t\t\t\t<\/figure>\n\t\t\t\t\t\t\t\t\t<\/div>\n\t\t\t\t<\/div>\n\t\t\t\t\t<\/div>\n\t\t<\/div>\n\t\t\t\t<div class=\"elementor-column elementor-col-25 elementor-top-column elementor-element elementor-element-f38e61d sc_inner_width_none sc_content_align_inherit sc_layouts_column_icons_position_left sc_fly_static\" data-id=\"f38e61d\" data-element_type=\"column\" data-e-type=\"column\">\n\t\t\t<div class=\"elementor-widget-wrap elementor-element-populated\">\n\t\t\t\t\t\t<div class=\"elementor-element elementor-element-3c66a37 sc_fly_static elementor-widget elementor-widget-image\" data-id=\"3c66a37\" data-element_type=\"widget\" data-e-type=\"widget\" data-widget_type=\"image.default\">\n\t\t\t\t<div class=\"elementor-widget-container\">\n\t\t\t\t\t\t\t\t\t\t\t\t<figure class=\"wp-caption\">\n\t\t\t\t\t\t\t\t\t\t<img decoding=\"async\" width=\"1024\" height=\"1024\" src=\"https:\/\/www.faz.la\/medservices\/wp-content\/uploads\/2022\/12\/sac-ekim-merkezi.jpg\" class=\"attachment-large size-large wp-image-22741\" alt=\"\" srcset=\"https:\/\/www.faz.la\/medservices\/wp-content\/uploads\/2022\/12\/sac-ekim-merkezi.jpg 1024w, https:\/\/www.faz.la\/medservices\/wp-content\/uploads\/2022\/12\/sac-ekim-merkezi-300x300.jpg 300w, https:\/\/www.faz.la\/medservices\/wp-content\/uploads\/2022\/12\/sac-ekim-merkezi-150x150.jpg 150w, https:\/\/www.faz.la\/medservices\/wp-content\/uploads\/2022\/12\/sac-ekim-merkezi-768x768.jpg 768w, https:\/\/www.faz.la\/medservices\/wp-content\/uploads\/2022\/12\/sac-ekim-merkezi-370x370.jpg 370w, https:\/\/www.faz.la\/medservices\/wp-content\/uploads\/2022\/12\/sac-ekim-merkezi-120x120.jpg 120w, https:\/\/www.faz.la\/medservices\/wp-content\/uploads\/2022\/12\/sac-ekim-merkezi-840x840.jpg 840w, https:\/\/www.faz.la\/medservices\/wp-content\/uploads\/2022\/12\/sac-ekim-merkezi-410x410.jpg 410w, https:\/\/www.faz.la\/medservices\/wp-content\/uploads\/2022\/12\/sac-ekim-merkezi-630x630.jpg 630w, https:\/\/www.faz.la\/medservices\/wp-content\/uploads\/2022\/12\/sac-ekim-merkezi-600x600.jpg 600w\" sizes=\"(max-width: 1024px) 100vw, 1024px\" \/>\t\t\t\t\t\t\t\t\t\t\t<figcaption class=\"widget-image-caption wp-caption-text\">Sa\u00e7 Ekim Merkezi<\/figcaption>\n\t\t\t\t\t\t\t\t\t\t<\/figure>\n\t\t\t\t\t\t\t\t\t<\/div>\n\t\t\t\t<\/div>\n\t\t\t\t\t<\/div>\n\t\t<\/div>\n\t\t\t\t<div class=\"elementor-column elementor-col-25 elementor-top-column elementor-element elementor-element-05d1f53 sc_inner_width_none sc_content_align_inherit sc_layouts_column_icons_position_left sc_fly_static\" data-id=\"05d1f53\" data-element_type=\"column\" data-e-type=\"column\">\n\t\t\t<div class=\"elementor-widget-wrap elementor-element-populated\">\n\t\t\t\t\t\t<div class=\"elementor-element elementor-element-1e05f2a sc_fly_static elementor-widget elementor-widget-image\" data-id=\"1e05f2a\" data-element_type=\"widget\" data-e-type=\"widget\" data-widget_type=\"image.default\">\n\t\t\t\t<div class=\"elementor-widget-container\">\n\t\t\t\t\t\t\t\t\t\t\t\t<figure class=\"wp-caption\">\n\t\t\t\t\t\t\t\t\t\t<img loading=\"lazy\" decoding=\"async\" width=\"1024\" height=\"1024\" src=\"https:\/\/www.faz.la\/medservices\/wp-content\/uploads\/2022\/12\/estetik-cerrahi-1.jpg\" class=\"attachment-large size-large wp-image-22747\" alt=\"\" srcset=\"https:\/\/www.faz.la\/medservices\/wp-content\/uploads\/2022\/12\/estetik-cerrahi-1.jpg 1024w, https:\/\/www.faz.la\/medservices\/wp-content\/uploads\/2022\/12\/estetik-cerrahi-1-300x300.jpg 300w, https:\/\/www.faz.la\/medservices\/wp-content\/uploads\/2022\/12\/estetik-cerrahi-1-150x150.jpg 150w, https:\/\/www.faz.la\/medservices\/wp-content\/uploads\/2022\/12\/estetik-cerrahi-1-768x768.jpg 768w, https:\/\/www.faz.la\/medservices\/wp-content\/uploads\/2022\/12\/estetik-cerrahi-1-370x370.jpg 370w, https:\/\/www.faz.la\/medservices\/wp-content\/uploads\/2022\/12\/estetik-cerrahi-1-120x120.jpg 120w, https:\/\/www.faz.la\/medservices\/wp-content\/uploads\/2022\/12\/estetik-cerrahi-1-840x840.jpg 840w, https:\/\/www.faz.la\/medservices\/wp-content\/uploads\/2022\/12\/estetik-cerrahi-1-410x410.jpg 410w, https:\/\/www.faz.la\/medservices\/wp-content\/uploads\/2022\/12\/estetik-cerrahi-1-630x630.jpg 630w, https:\/\/www.faz.la\/medservices\/wp-content\/uploads\/2022\/12\/estetik-cerrahi-1-600x600.jpg 600w\" sizes=\"(max-width: 1024px) 100vw, 1024px\" \/>\t\t\t\t\t\t\t\t\t\t\t<figcaption class=\"widget-image-caption wp-caption-text\">Estetik Cerrahi Merkezi<\/figcaption>\n\t\t\t\t\t\t\t\t\t\t<\/figure>\n\t\t\t\t\t\t\t\t\t<\/div>\n\t\t\t\t<\/div>\n\t\t\t\t\t<\/div>\n\t\t<\/div>\n\t\t\t\t\t<\/div>\n\t\t<\/section>\n\t\t\t\t<section class=\"elementor-section elementor-top-section elementor-element elementor-element-01e2c4e scheme_default elementor-section-boxed elementor-section-height-default elementor-section-height-default sc_fly_static\" data-id=\"01e2c4e\" data-element_type=\"section\" data-e-type=\"section\" data-settings=\"{&quot;background_background&quot;:&quot;classic&quot;}\">\n\t\t\t\t\t\t<div class=\"elementor-container elementor-column-gap-extended\">\n\t\t\t\t\t<div class=\"elementor-column elementor-col-100 elementor-top-column elementor-element elementor-element-40ddbfb sc_inner_width_none sc_content_align_inherit sc_layouts_column_icons_position_left sc_fly_static\" data-id=\"40ddbfb\" data-element_type=\"column\" data-e-type=\"column\">\n\t\t\t<div class=\"elementor-widget-wrap elementor-element-populated\">\n\t\t\t\t\t\t\t<\/div>\n\t\t<\/div>\n\t\t\t\t\t<\/div>\n\t\t<\/section>\n\t\t\t\t<\/div>\n\t\t","protected":false},"excerpt":{"rendered":"<p>Obezite Cerrahi Merkezi Onkoloji Merkezi Sa\u00e7 Ekim Merkezi Estetik Cerrahi Merkezi<\/p>\n","protected":false},"author":1,"featured_media":0,"parent":0,"menu_order":0,"comment_status":"closed","ping_status":"closed","template":"","meta":{"footnotes":""},"class_list":["post-22738","page","type-page","status-publish","hentry"],"yoast_head":"<!-- This site is optimized with the Yoast SEO plugin v19.13 - https:\/\/yoast.com\/wordpress\/plugins\/seo\/ -->\n<title>Merkezlerimiz - \u00d6zel Ege \u015eehir Hastanesi<\/title>\n<meta name=\"robots\" content=\"index, follow, max-snippet:-1, max-image-preview:large, max-video-preview:-1\" \/>\n<link rel=\"canonical\" href=\"https:\/\/www.faz.la\/medservices\/merkezlerimiz\/\" \/>\n<meta property=\"og:locale\" content=\"tr_TR\" \/>\n<meta property=\"og:type\" content=\"article\" \/>\n<meta property=\"og:title\" content=\"Merkezlerimiz - \u00d6zel Ege \u015eehir Hastanesi\" \/>\n<meta property=\"og:description\" content=\"Obezite Cerrahi Merkezi Onkoloji Merkezi Sa\u00e7 Ekim Merkezi Estetik Cerrahi Merkezi\" \/>\n<meta property=\"og:url\" content=\"https:\/\/www.faz.la\/medservices\/merkezlerimiz\/\" \/>\n<meta property=\"og:site_name\" content=\"\u00d6zel Ege \u015eehir Hastanesi\" \/>\n<meta property=\"article:publisher\" content=\"https:\/\/www.facebook.com\/ozelegesehirhastanesi\/\" \/>\n<meta property=\"article:modified_time\" content=\"2022-12-19T13:06:35+00:00\" \/>\n<meta property=\"og:image\" content=\"https:\/\/www.faz.la\/medservices\/wp-content\/uploads\/2022\/12\/obezite-merkezi.jpg\" \/>\n<meta name=\"twitter:card\" content=\"summary_large_image\" \/>\n<meta name=\"twitter:label1\" content=\"Tahmini okuma s\u00fcresi\" \/>\n\t<meta name=\"twitter:data1\" content=\"1 dakika\" \/>\n<script type=\"application\/ld+json\" class=\"yoast-schema-graph\">{\"@context\":\"https:\/\/schema.org\",\"@graph\":[{\"@type\":\"WebPage\",\"@id\":\"https:\/\/www.faz.la\/medservices\/merkezlerimiz\/\",\"url\":\"https:\/\/www.faz.la\/medservices\/merkezlerimiz\/\",\"name\":\"Merkezlerimiz - \u00d6zel Ege \u015eehir Hastanesi\",\"isPartOf\":{\"@id\":\"https:\/\/www.faz.la\/medservices\/#website\"},\"datePublished\":\"2022-12-16T10:45:56+00:00\",\"dateModified\":\"2022-12-19T13:06:35+00:00\",\"breadcrumb\":{\"@id\":\"https:\/\/www.faz.la\/medservices\/merkezlerimiz\/#breadcrumb\"},\"inLanguage\":\"tr\",\"potentialAction\":[{\"@type\":\"ReadAction\",\"target\":[\"https:\/\/www.faz.la\/medservices\/merkezlerimiz\/\"]}]},{\"@type\":\"BreadcrumbList\",\"@id\":\"https:\/\/www.faz.la\/medservices\/merkezlerimiz\/#breadcrumb\",\"itemListElement\":[{\"@type\":\"ListItem\",\"position\":1,\"name\":\"Anasayfa\",\"item\":\"https:\/\/www.faz.la\/medservices\/\"},{\"@type\":\"ListItem\",\"position\":2,\"name\":\"Merkezlerimiz\"}]},{\"@type\":\"WebSite\",\"@id\":\"https:\/\/www.faz.la\/medservices\/#website\",\"url\":\"https:\/\/www.faz.la\/medservices\/\",\"name\":\"\u00d6zel Ege \u015eehir Hastanesi\",\"description\":\"Burada \u00d6zel ve G\u00fcvendesiniz\",\"publisher\":{\"@id\":\"https:\/\/www.faz.la\/medservices\/#organization\"},\"alternateName\":\"Ege \u015eehir Hastanesi\",\"potentialAction\":[{\"@type\":\"SearchAction\",\"target\":{\"@type\":\"EntryPoint\",\"urlTemplate\":\"https:\/\/www.faz.la\/medservices\/?s={search_term_string}\"},\"query-input\":\"required name=search_term_string\"}],\"inLanguage\":\"tr\"},{\"@type\":\"Organization\",\"@id\":\"https:\/\/www.faz.la\/medservices\/#organization\",\"name\":\"\u00d6zel Ege \u015eehir Hastanesi\",\"url\":\"https:\/\/www.faz.la\/medservices\/\",\"logo\":{\"@type\":\"ImageObject\",\"inLanguage\":\"tr\",\"@id\":\"https:\/\/www.faz.la\/medservices\/#\/schema\/logo\/image\/\",\"url\":\"https:\/\/www.faz.la\/medservices\/wp-content\/uploads\/2022\/12\/site-logo.png\",\"contentUrl\":\"https:\/\/www.faz.la\/medservices\/wp-content\/uploads\/2022\/12\/site-logo.png\",\"width\":232,\"height\":100,\"caption\":\"\u00d6zel Ege \u015eehir Hastanesi\"},\"image\":{\"@id\":\"https:\/\/www.faz.la\/medservices\/#\/schema\/logo\/image\/\"},\"sameAs\":[\"https:\/\/www.instagram.com\/egesehirhastanesi\/\",\"https:\/\/www.facebook.com\/ozelegesehirhastanesi\/\"]}]}<\/script>\n<!-- \/ Yoast SEO plugin. -->","yoast_head_json":{"title":"Merkezlerimiz - \u00d6zel Ege \u015eehir Hastanesi","robots":{"index":"index","follow":"follow","max-snippet":"max-snippet:-1","max-image-preview":"max-image-preview:large","max-video-preview":"max-video-preview:-1"},"canonical":"https:\/\/www.faz.la\/medservices\/merkezlerimiz\/","og_locale":"tr_TR","og_type":"article","og_title":"Merkezlerimiz - \u00d6zel Ege \u015eehir Hastanesi","og_description":"Obezite Cerrahi Merkezi Onkoloji Merkezi Sa\u00e7 Ekim Merkezi Estetik Cerrahi Merkezi","og_url":"https:\/\/www.faz.la\/medservices\/merkezlerimiz\/","og_site_name":"\u00d6zel Ege \u015eehir Hastanesi","article_publisher":"https:\/\/www.facebook.com\/ozelegesehirhastanesi\/","article_modified_time":"2022-12-19T13:06:35+00:00","og_image":[{"url":"https:\/\/www.faz.la\/medservices\/wp-content\/uploads\/2022\/12\/obezite-merkezi.jpg"}],"twitter_card":"summary_large_image","twitter_misc":{"Tahmini okuma s\u00fcresi":"1 dakika"},"schema":{"@context":"https:\/\/schema.org","@graph":[{"@type":"WebPage","@id":"https:\/\/www.faz.la\/medservices\/merkezlerimiz\/","url":"https:\/\/www.faz.la\/medservices\/merkezlerimiz\/","name":"Merkezlerimiz - \u00d6zel Ege \u015eehir Hastanesi","isPartOf":{"@id":"https:\/\/www.faz.la\/medservices\/#website"},"datePublished":"2022-12-16T10:45:56+00:00","dateModified":"2022-12-19T13:06:35+00:00","breadcrumb":{"@id":"https:\/\/www.faz.la\/medservices\/merkezlerimiz\/#breadcrumb"},"inLanguage":"tr","potentialAction":[{"@type":"ReadAction","target":["https:\/\/www.faz.la\/medservices\/merkezlerimiz\/"]}]},{"@type":"BreadcrumbList","@id":"https:\/\/www.faz.la\/medservices\/merkezlerimiz\/#breadcrumb","itemListElement":[{"@type":"ListItem","position":1,"name":"Anasayfa","item":"https:\/\/www.faz.la\/medservices\/"},{"@type":"ListItem","position":2,"name":"Merkezlerimiz"}]},{"@type":"WebSite","@id":"https:\/\/www.faz.la\/medservices\/#website","url":"https:\/\/www.faz.la\/medservices\/","name":"\u00d6zel Ege \u015eehir Hastanesi","description":"Burada \u00d6zel ve G\u00fcvendesiniz","publisher":{"@id":"https:\/\/www.faz.la\/medservices\/#organization"},"alternateName":"Ege \u015eehir Hastanesi","potentialAction":[{"@type":"SearchAction","target":{"@type":"EntryPoint","urlTemplate":"https:\/\/www.faz.la\/medservices\/?s={search_term_string}"},"query-input":"required name=search_term_string"}],"inLanguage":"tr"},{"@type":"Organization","@id":"https:\/\/www.faz.la\/medservices\/#organization","name":"\u00d6zel Ege \u015eehir Hastanesi","url":"https:\/\/www.faz.la\/medservices\/","logo":{"@type":"ImageObject","inLanguage":"tr","@id":"https:\/\/www.faz.la\/medservices\/#\/schema\/logo\/image\/","url":"https:\/\/www.faz.la\/medservices\/wp-content\/uploads\/2022\/12\/site-logo.png","contentUrl":"https:\/\/www.faz.la\/medservices\/wp-content\/uploads\/2022\/12\/site-logo.png","width":232,"height":100,"caption":"\u00d6zel Ege \u015eehir Hastanesi"},"image":{"@id":"https:\/\/www.faz.la\/medservices\/#\/schema\/logo\/image\/"},"sameAs":["https:\/\/www.instagram.com\/egesehirhastanesi\/","https:\/\/www.facebook.com\/ozelegesehirhastanesi\/"]}]}},"_links":{"self":[{"href":"https:\/\/www.faz.la\/medservices\/wp-json\/wp\/v2\/pages\/22738","targetHints":{"allow":["GET"]}}],"collection":[{"href":"https:\/\/www.faz.la\/medservices\/wp-json\/wp\/v2\/pages"}],"about":[{"href":"https:\/\/www.faz.la\/medservices\/wp-json\/wp\/v2\/types\/page"}],"author":[{"embeddable":true,"href":"https:\/\/www.faz.la\/medservices\/wp-json\/wp\/v2\/users\/1"}],"replies":[{"embeddable":true,"href":"https:\/\/www.faz.la\/medservices\/wp-json\/wp\/v2\/comments?post=22738"}],"version-history":[{"count":0,"href":"https:\/\/www.faz.la\/medservices\/wp-json\/wp\/v2\/pages\/22738\/revisions"}],"wp:attachment":[{"href":"https:\/\/www.faz.la\/medservices\/wp-json\/wp\/v2\/media?parent=22738"}],"curies":[{"name":"wp","href":"https:\/\/api.w.org\/{rel}","templated":true}]}}