{"id":19757,"date":"2022-01-31T12:29:55","date_gmt":"2022-01-31T12:29:55","guid":{"rendered":"https:\/\/www.faz.la\/medservices\/?page_id=19757"},"modified":"2022-02-11T13:18:48","modified_gmt":"2022-02-11T13:18:48","slug":"newsletter-popup","status":"publish","type":"page","link":"https:\/\/www.faz.la\/medservices\/newsletter-popup\/","title":{"rendered":"Newsletter Popup"},"content":{"rendered":"\t\t<div data-elementor-type=\"wp-page\" data-elementor-id=\"19757\" class=\"elementor elementor-19757\">\n\t\t\t\t\t\t<section class=\"elementor-section elementor-top-section elementor-element elementor-element-2f4528be scheme_default elementor-section-boxed elementor-section-height-default elementor-section-height-default sc_fly_static\" data-id=\"2f4528be\" data-element_type=\"section\" data-e-type=\"section\" data-settings=\"{&quot;background_background&quot;:&quot;classic&quot;}\">\n\t\t\t\t\t\t<div class=\"elementor-container elementor-column-gap-extended\">\n\t\t\t\t\t<div class=\"elementor-column elementor-col-100 elementor-top-column elementor-element elementor-element-16333849 sc_inner_width_none sc_content_align_inherit sc_layouts_column_icons_position_left sc_fly_static\" data-id=\"16333849\" data-element_type=\"column\" data-e-type=\"column\">\n\t\t\t<div class=\"elementor-widget-wrap elementor-element-populated\">\n\t\t\t\t\t\t<div class=\"elementor-element elementor-element-3bfcb6b3 sc_height_huge sc_fly_static elementor-widget elementor-widget-spacer\" data-id=\"3bfcb6b3\" data-element_type=\"widget\" data-e-type=\"widget\" data-widget_type=\"spacer.default\">\n\t\t\t\t<div class=\"elementor-widget-container\">\n\t\t\t\t\t\t\t<div class=\"elementor-spacer\">\n\t\t\t<div class=\"elementor-spacer-inner\"><\/div>\n\t\t<\/div>\n\t\t\t\t\t\t<\/div>\n\t\t\t\t<\/div>\n\t\t\t\t<div class=\"elementor-element elementor-element-5acd11b sc_layouts_hide_on_notebook sc_layouts_hide_on_tablet sc_layouts_hide_on_mobile sc_fly_static elementor-widget elementor-widget-spacer\" data-id=\"5acd11b\" data-element_type=\"widget\" data-e-type=\"widget\" data-widget_type=\"spacer.default\">\n\t\t\t\t<div class=\"elementor-widget-container\">\n\t\t\t\t\t\t\t<div class=\"elementor-spacer\">\n\t\t\t<div class=\"elementor-spacer-inner\"><\/div>\n\t\t<\/div>\n\t\t\t\t\t\t<\/div>\n\t\t\t\t<\/div>\n\t\t\t\t<div class=\"elementor-element elementor-element-71d00cfd sc_fly_static elementor-widget elementor-widget-trx_sc_title\" data-id=\"71d00cfd\" data-element_type=\"widget\" data-e-type=\"widget\" data-widget_type=\"trx_sc_title.default\">\n\t\t\t\t<div class=\"elementor-widget-container\">\n\t\t\t\t\t<div\t\tclass=\"sc_title sc_title_default\" ><h1 class=\"sc_item_title sc_title_title sc_align_center sc_item_title_style_default sc_item_title_tag\"\n\t\t\t><span class=\"sc_item_title_text\">Default<\/span><\/h1><\/div>\t\t\t\t<\/div>\n\t\t\t\t<\/div>\n\t\t\t\t<div class=\"elementor-element elementor-element-33fceb55 sc_height_small sc_fly_static elementor-widget elementor-widget-spacer\" data-id=\"33fceb55\" data-element_type=\"widget\" data-e-type=\"widget\" data-widget_type=\"spacer.default\">\n\t\t\t\t<div class=\"elementor-widget-container\">\n\t\t\t\t\t\t\t<div class=\"elementor-spacer\">\n\t\t\t<div class=\"elementor-spacer-inner\"><\/div>\n\t\t<\/div>\n\t\t\t\t\t\t<\/div>\n\t\t\t\t<\/div>\n\t\t\t\t<div class=\"elementor-element elementor-element-22325d6a sc_fly_static elementor-widget elementor-widget-trx_sc_button\" data-id=\"22325d6a\" data-element_type=\"widget\" data-e-type=\"widget\" data-widget_type=\"trx_sc_button.default\">\n\t\t\t\t<div class=\"elementor-widget-container\">\n\t\t\t\t\t<div\tclass=\"sc_item_button sc_button_wrap sc_align_center\" ><a href=\"#\" id=\"manual-launch-3\" class=\"sc_button sc_button_default sc_button_size_normal sc_button_icon_left\" ><span class=\"sc_button_text\"><span class=\"sc_button_title\">Open Demo<\/span><\/span><\/a><\/div>\t\t\t\t<\/div>\n\t\t\t\t<\/div>\n\t\t\t\t<div class=\"elementor-element elementor-element-178a043b sc_layouts_hide_on_notebook sc_layouts_hide_on_tablet sc_layouts_hide_on_mobile sc_fly_static elementor-widget elementor-widget-spacer\" data-id=\"178a043b\" data-element_type=\"widget\" data-e-type=\"widget\" data-widget_type=\"spacer.default\">\n\t\t\t\t<div class=\"elementor-widget-container\">\n\t\t\t\t\t\t\t<div class=\"elementor-spacer\">\n\t\t\t<div class=\"elementor-spacer-inner\"><\/div>\n\t\t<\/div>\n\t\t\t\t\t\t<\/div>\n\t\t\t\t<\/div>\n\t\t\t\t<div class=\"elementor-element elementor-element-2f73277e sc_height_huge sc_fly_static elementor-widget elementor-widget-spacer\" data-id=\"2f73277e\" data-element_type=\"widget\" data-e-type=\"widget\" data-widget_type=\"spacer.default\">\n\t\t\t\t<div class=\"elementor-widget-container\">\n\t\t\t\t\t\t\t<div class=\"elementor-spacer\">\n\t\t\t<div class=\"elementor-spacer-inner\"><\/div>\n\t\t<\/div>\n\t\t\t\t\t\t<\/div>\n\t\t\t\t<\/div>\n\t\t\t\t\t<\/div>\n\t\t<\/div>\n\t\t\t\t\t<\/div>\n\t\t<\/section>\n\t\t\t\t<section class=\"elementor-section elementor-top-section elementor-element elementor-element-70370abf elementor-section-boxed elementor-section-height-default elementor-section-height-default sc_fly_static\" data-id=\"70370abf\" data-element_type=\"section\" data-e-type=\"section\">\n\t\t\t\t\t\t<div class=\"elementor-container elementor-column-gap-extended\">\n\t\t\t\t\t<div class=\"elementor-column elementor-col-100 elementor-top-column elementor-element elementor-element-3eeef0cf sc_inner_width_none sc_content_align_inherit sc_layouts_column_icons_position_left sc_fly_static\" data-id=\"3eeef0cf\" data-element_type=\"column\" data-e-type=\"column\">\n\t\t\t<div class=\"elementor-widget-wrap elementor-element-populated\">\n\t\t\t\t\t\t<div class=\"elementor-element elementor-element-4ecaa103 sc_height_huge sc_fly_static elementor-widget elementor-widget-spacer\" data-id=\"4ecaa103\" data-element_type=\"widget\" data-e-type=\"widget\" data-widget_type=\"spacer.default\">\n\t\t\t\t<div class=\"elementor-widget-container\">\n\t\t\t\t\t\t\t<div class=\"elementor-spacer\">\n\t\t\t<div class=\"elementor-spacer-inner\"><\/div>\n\t\t<\/div>\n\t\t\t\t\t\t<\/div>\n\t\t\t\t<\/div>\n\t\t\t\t<div class=\"elementor-element elementor-element-2859b2a2 sc_layouts_hide_on_notebook sc_layouts_hide_on_tablet sc_layouts_hide_on_mobile sc_fly_static elementor-widget elementor-widget-spacer\" data-id=\"2859b2a2\" data-element_type=\"widget\" data-e-type=\"widget\" data-widget_type=\"spacer.default\">\n\t\t\t\t<div class=\"elementor-widget-container\">\n\t\t\t\t\t\t\t<div class=\"elementor-spacer\">\n\t\t\t<div class=\"elementor-spacer-inner\"><\/div>\n\t\t<\/div>\n\t\t\t\t\t\t<\/div>\n\t\t\t\t<\/div>\n\t\t\t\t<div class=\"elementor-element elementor-element-2a3eebb8 sc_fly_static elementor-widget elementor-widget-trx_sc_title\" data-id=\"2a3eebb8\" data-element_type=\"widget\" data-e-type=\"widget\" data-widget_type=\"trx_sc_title.default\">\n\t\t\t\t<div class=\"elementor-widget-container\">\n\t\t\t\t\t<div\t\tclass=\"sc_title sc_title_default\" ><h1 class=\"sc_item_title sc_title_title sc_align_center sc_item_title_style_default sc_item_title_tag\"\n\t\t\t><span class=\"sc_item_title_text\">Newsletter Box<\/span><\/h1><\/div>\t\t\t\t<\/div>\n\t\t\t\t<\/div>\n\t\t\t\t<div class=\"elementor-element elementor-element-7c5ec67d sc_height_small sc_fly_static elementor-widget elementor-widget-spacer\" data-id=\"7c5ec67d\" data-element_type=\"widget\" data-e-type=\"widget\" data-widget_type=\"spacer.default\">\n\t\t\t\t<div class=\"elementor-widget-container\">\n\t\t\t\t\t\t\t<div class=\"elementor-spacer\">\n\t\t\t<div class=\"elementor-spacer-inner\"><\/div>\n\t\t<\/div>\n\t\t\t\t\t\t<\/div>\n\t\t\t\t<\/div>\n\t\t\t\t<div class=\"elementor-element elementor-element-1b8fbcf5 sc_fly_static elementor-widget elementor-widget-trx_sc_button\" data-id=\"1b8fbcf5\" data-element_type=\"widget\" data-e-type=\"widget\" data-widget_type=\"trx_sc_button.default\">\n\t\t\t\t<div class=\"elementor-widget-container\">\n\t\t\t\t\t<div\tclass=\"sc_item_button sc_button_wrap sc_align_center\" ><a href=\"#\" id=\"manual-launch-4\" class=\"sc_button sc_button_default sc_button_size_normal sc_button_icon_left\" ><span class=\"sc_button_text\"><span class=\"sc_button_title\">Open Demo<\/span><\/span><\/a><\/div>\t\t\t\t<\/div>\n\t\t\t\t<\/div>\n\t\t\t\t<div class=\"elementor-element elementor-element-53f1eaa7 sc_layouts_hide_on_notebook sc_layouts_hide_on_tablet sc_layouts_hide_on_mobile sc_fly_static elementor-widget elementor-widget-spacer\" data-id=\"53f1eaa7\" data-element_type=\"widget\" data-e-type=\"widget\" data-widget_type=\"spacer.default\">\n\t\t\t\t<div class=\"elementor-widget-container\">\n\t\t\t\t\t\t\t<div class=\"elementor-spacer\">\n\t\t\t<div class=\"elementor-spacer-inner\"><\/div>\n\t\t<\/div>\n\t\t\t\t\t\t<\/div>\n\t\t\t\t<\/div>\n\t\t\t\t<div class=\"elementor-element elementor-element-6f6316f3 sc_height_huge sc_fly_static elementor-widget elementor-widget-spacer\" data-id=\"6f6316f3\" data-element_type=\"widget\" data-e-type=\"widget\" data-widget_type=\"spacer.default\">\n\t\t\t\t<div class=\"elementor-widget-container\">\n\t\t\t\t\t\t\t<div class=\"elementor-spacer\">\n\t\t\t<div class=\"elementor-spacer-inner\"><\/div>\n\t\t<\/div>\n\t\t\t\t\t\t<\/div>\n\t\t\t\t<\/div>\n\t\t\t\t\t<\/div>\n\t\t<\/div>\n\t\t\t\t\t<\/div>\n\t\t<\/section>\n\t\t\t\t<\/div>\n\t\t","protected":false},"excerpt":{"rendered":"<p>Default Open Demo Newsletter Box Open Demo<\/p>\n","protected":false},"author":1,"featured_media":0,"parent":0,"menu_order":0,"comment_status":"closed","ping_status":"closed","template":"","meta":{"footnotes":""},"class_list":["post-19757","page","type-page","status-publish","hentry"],"yoast_head":"<!-- This site is optimized with the Yoast SEO plugin v19.13 - https:\/\/yoast.com\/wordpress\/plugins\/seo\/ -->\n<title>Newsletter Popup - \u00d6zel Ege \u015eehir Hastanesi<\/title>\n<meta name=\"robots\" content=\"index, follow, max-snippet:-1, max-image-preview:large, max-video-preview:-1\" \/>\n<link rel=\"canonical\" href=\"https:\/\/www.faz.la\/medservices\/newsletter-popup\/\" \/>\n<meta property=\"og:locale\" content=\"tr_TR\" \/>\n<meta property=\"og:type\" content=\"article\" \/>\n<meta property=\"og:title\" content=\"Newsletter Popup - \u00d6zel Ege \u015eehir Hastanesi\" \/>\n<meta property=\"og:description\" content=\"Default Open Demo Newsletter Box Open Demo\" \/>\n<meta property=\"og:url\" content=\"https:\/\/www.faz.la\/medservices\/newsletter-popup\/\" \/>\n<meta property=\"og:site_name\" content=\"\u00d6zel Ege \u015eehir Hastanesi\" \/>\n<meta property=\"article:publisher\" content=\"https:\/\/www.facebook.com\/ozelegesehirhastanesi\/\" \/>\n<meta property=\"article:modified_time\" content=\"2022-02-11T13:18:48+00:00\" \/>\n<meta name=\"twitter:card\" content=\"summary_large_image\" \/>\n<script type=\"application\/ld+json\" class=\"yoast-schema-graph\">{\"@context\":\"https:\/\/schema.org\",\"@graph\":[{\"@type\":\"WebPage\",\"@id\":\"https:\/\/www.faz.la\/medservices\/newsletter-popup\/\",\"url\":\"https:\/\/www.faz.la\/medservices\/newsletter-popup\/\",\"name\":\"Newsletter Popup - \u00d6zel Ege \u015eehir Hastanesi\",\"isPartOf\":{\"@id\":\"https:\/\/www.faz.la\/medservices\/#website\"},\"datePublished\":\"2022-01-31T12:29:55+00:00\",\"dateModified\":\"2022-02-11T13:18:48+00:00\",\"breadcrumb\":{\"@id\":\"https:\/\/www.faz.la\/medservices\/newsletter-popup\/#breadcrumb\"},\"inLanguage\":\"tr\",\"potentialAction\":[{\"@type\":\"ReadAction\",\"target\":[\"https:\/\/www.faz.la\/medservices\/newsletter-popup\/\"]}]},{\"@type\":\"BreadcrumbList\",\"@id\":\"https:\/\/www.faz.la\/medservices\/newsletter-popup\/#breadcrumb\",\"itemListElement\":[{\"@type\":\"ListItem\",\"position\":1,\"name\":\"Anasayfa\",\"item\":\"https:\/\/www.faz.la\/medservices\/\"},{\"@type\":\"ListItem\",\"position\":2,\"name\":\"Newsletter Popup\"}]},{\"@type\":\"WebSite\",\"@id\":\"https:\/\/www.faz.la\/medservices\/#website\",\"url\":\"https:\/\/www.faz.la\/medservices\/\",\"name\":\"\u00d6zel Ege \u015eehir Hastanesi\",\"description\":\"Burada \u00d6zel ve G\u00fcvendesiniz\",\"publisher\":{\"@id\":\"https:\/\/www.faz.la\/medservices\/#organization\"},\"alternateName\":\"Ege \u015eehir Hastanesi\",\"potentialAction\":[{\"@type\":\"SearchAction\",\"target\":{\"@type\":\"EntryPoint\",\"urlTemplate\":\"https:\/\/www.faz.la\/medservices\/?s={search_term_string}\"},\"query-input\":\"required name=search_term_string\"}],\"inLanguage\":\"tr\"},{\"@type\":\"Organization\",\"@id\":\"https:\/\/www.faz.la\/medservices\/#organization\",\"name\":\"\u00d6zel Ege \u015eehir Hastanesi\",\"url\":\"https:\/\/www.faz.la\/medservices\/\",\"logo\":{\"@type\":\"ImageObject\",\"inLanguage\":\"tr\",\"@id\":\"https:\/\/www.faz.la\/medservices\/#\/schema\/logo\/image\/\",\"url\":\"https:\/\/www.faz.la\/medservices\/wp-content\/uploads\/2022\/12\/site-logo.png\",\"contentUrl\":\"https:\/\/www.faz.la\/medservices\/wp-content\/uploads\/2022\/12\/site-logo.png\",\"width\":232,\"height\":100,\"caption\":\"\u00d6zel Ege \u015eehir Hastanesi\"},\"image\":{\"@id\":\"https:\/\/www.faz.la\/medservices\/#\/schema\/logo\/image\/\"},\"sameAs\":[\"https:\/\/www.instagram.com\/egesehirhastanesi\/\",\"https:\/\/www.facebook.com\/ozelegesehirhastanesi\/\"]}]}<\/script>\n<!-- \/ Yoast SEO plugin. -->","yoast_head_json":{"title":"Newsletter Popup - \u00d6zel Ege \u015eehir Hastanesi","robots":{"index":"index","follow":"follow","max-snippet":"max-snippet:-1","max-image-preview":"max-image-preview:large","max-video-preview":"max-video-preview:-1"},"canonical":"https:\/\/www.faz.la\/medservices\/newsletter-popup\/","og_locale":"tr_TR","og_type":"article","og_title":"Newsletter Popup - \u00d6zel Ege \u015eehir Hastanesi","og_description":"Default Open Demo Newsletter Box Open Demo","og_url":"https:\/\/www.faz.la\/medservices\/newsletter-popup\/","og_site_name":"\u00d6zel Ege \u015eehir Hastanesi","article_publisher":"https:\/\/www.facebook.com\/ozelegesehirhastanesi\/","article_modified_time":"2022-02-11T13:18:48+00:00","twitter_card":"summary_large_image","schema":{"@context":"https:\/\/schema.org","@graph":[{"@type":"WebPage","@id":"https:\/\/www.faz.la\/medservices\/newsletter-popup\/","url":"https:\/\/www.faz.la\/medservices\/newsletter-popup\/","name":"Newsletter Popup - \u00d6zel Ege \u015eehir Hastanesi","isPartOf":{"@id":"https:\/\/www.faz.la\/medservices\/#website"},"datePublished":"2022-01-31T12:29:55+00:00","dateModified":"2022-02-11T13:18:48+00:00","breadcrumb":{"@id":"https:\/\/www.faz.la\/medservices\/newsletter-popup\/#breadcrumb"},"inLanguage":"tr","potentialAction":[{"@type":"ReadAction","target":["https:\/\/www.faz.la\/medservices\/newsletter-popup\/"]}]},{"@type":"BreadcrumbList","@id":"https:\/\/www.faz.la\/medservices\/newsletter-popup\/#breadcrumb","itemListElement":[{"@type":"ListItem","position":1,"name":"Anasayfa","item":"https:\/\/www.faz.la\/medservices\/"},{"@type":"ListItem","position":2,"name":"Newsletter Popup"}]},{"@type":"WebSite","@id":"https:\/\/www.faz.la\/medservices\/#website","url":"https:\/\/www.faz.la\/medservices\/","name":"\u00d6zel Ege \u015eehir Hastanesi","description":"Burada \u00d6zel ve G\u00fcvendesiniz","publisher":{"@id":"https:\/\/www.faz.la\/medservices\/#organization"},"alternateName":"Ege \u015eehir Hastanesi","potentialAction":[{"@type":"SearchAction","target":{"@type":"EntryPoint","urlTemplate":"https:\/\/www.faz.la\/medservices\/?s={search_term_string}"},"query-input":"required name=search_term_string"}],"inLanguage":"tr"},{"@type":"Organization","@id":"https:\/\/www.faz.la\/medservices\/#organization","name":"\u00d6zel Ege \u015eehir Hastanesi","url":"https:\/\/www.faz.la\/medservices\/","logo":{"@type":"ImageObject","inLanguage":"tr","@id":"https:\/\/www.faz.la\/medservices\/#\/schema\/logo\/image\/","url":"https:\/\/www.faz.la\/medservices\/wp-content\/uploads\/2022\/12\/site-logo.png","contentUrl":"https:\/\/www.faz.la\/medservices\/wp-content\/uploads\/2022\/12\/site-logo.png","width":232,"height":100,"caption":"\u00d6zel Ege \u015eehir Hastanesi"},"image":{"@id":"https:\/\/www.faz.la\/medservices\/#\/schema\/logo\/image\/"},"sameAs":["https:\/\/www.instagram.com\/egesehirhastanesi\/","https:\/\/www.facebook.com\/ozelegesehirhastanesi\/"]}]}},"_links":{"self":[{"href":"https:\/\/www.faz.la\/medservices\/wp-json\/wp\/v2\/pages\/19757","targetHints":{"allow":["GET"]}}],"collection":[{"href":"https:\/\/www.faz.la\/medservices\/wp-json\/wp\/v2\/pages"}],"about":[{"href":"https:\/\/www.faz.la\/medservices\/wp-json\/wp\/v2\/types\/page"}],"author":[{"embeddable":true,"href":"https:\/\/www.faz.la\/medservices\/wp-json\/wp\/v2\/users\/1"}],"replies":[{"embeddable":true,"href":"https:\/\/www.faz.la\/medservices\/wp-json\/wp\/v2\/comments?post=19757"}],"version-history":[{"count":0,"href":"https:\/\/www.faz.la\/medservices\/wp-json\/wp\/v2\/pages\/19757\/revisions"}],"wp:attachment":[{"href":"https:\/\/www.faz.la\/medservices\/wp-json\/wp\/v2\/media?parent=19757"}],"curies":[{"name":"wp","href":"https:\/\/api.w.org\/{rel}","templated":true}]}}